{"id":2773,"date":"2022-11-02T16:28:50","date_gmt":"2022-11-02T16:28:50","guid":{"rendered":"https:\/\/psmtechnologie.net\/blog\/"},"modified":"2024-05-01T19:28:50","modified_gmt":"2024-05-01T19:28:50","slug":"blog","status":"publish","type":"page","link":"https:\/\/psmtechnologie.net\/en\/blog\/","title":{"rendered":"Blog"},"content":{"rendered":"\t\t<div data-elementor-type=\"wp-post\" data-elementor-id=\"2773\" class=\"elementor elementor-2773 elementor-2056\">\n\t\t\t\t\t\t<section class=\"elementor-section elementor-top-section elementor-element elementor-element-bec26ab elementor-section-stretched lt-testimonial elementor-section-boxed elementor-section-height-default elementor-section-height-default elementor-invisible\" data-id=\"bec26ab\" data-element_type=\"section\" data-settings=\"{&quot;stretch_section&quot;:&quot;section-stretched&quot;,&quot;background_background&quot;:&quot;classic&quot;,&quot;animation&quot;:&quot;zoomIn&quot;}\">\n\t\t\t\t\t\t\t<div class=\"elementor-background-overlay\"><\/div>\n\t\t\t\t\t\t\t<div class=\"elementor-container elementor-column-gap-default\">\n\t\t\t\t\t<div class=\"elementor-column elementor-col-100 elementor-top-column elementor-element elementor-element-294cea7\" data-id=\"294cea7\" data-element_type=\"column\">\n\t\t\t<div class=\"elementor-widget-wrap elementor-element-populated\">\n\t\t\t\t\t\t<div class=\"elementor-element elementor-element-7f414dd lt-title-large elementor-widget elementor-widget-heading\" data-id=\"7f414dd\" data-element_type=\"widget\" data-widget_type=\"heading.default\">\n\t\t\t\t<div class=\"elementor-widget-container\">\n\t\t\t<h2 class=\"elementor-heading-title elementor-size-default\">Blog &amp; News<\/h2>\t\t<\/div>\n\t\t\t\t<\/div>\n\t\t\t\t<div class=\"elementor-element elementor-element-96a8ab8 elementor-widget-divider--view-line elementor-widget elementor-widget-divider\" data-id=\"96a8ab8\" data-element_type=\"widget\" data-widget_type=\"divider.default\">\n\t\t\t\t<div class=\"elementor-widget-container\">\n\t\t\t\t\t<div class=\"elementor-divider\">\n\t\t\t<span class=\"elementor-divider-separator\">\n\t\t\t\t\t\t<\/span>\n\t\t<\/div>\n\t\t\t\t<\/div>\n\t\t\t\t<\/div>\n\t\t\t\t\t<\/div>\n\t\t<\/div>\n\t\t\t\t\t<\/div>\n\t\t<\/section>\n\t\t\t\t<section class=\"elementor-section elementor-top-section elementor-element elementor-element-3bd751f lt-blog elementor-section-stretched elementor-section-boxed elementor-section-height-default elementor-section-height-default elementor-invisible\" data-id=\"3bd751f\" data-element_type=\"section\" id=\"lt-blog\" data-settings=\"{&quot;animation&quot;:&quot;zoomInDown&quot;,&quot;stretch_section&quot;:&quot;section-stretched&quot;}\">\n\t\t\t\t\t\t<div class=\"elementor-container elementor-column-gap-default\">\n\t\t\t\t\t<div class=\"elementor-column elementor-col-100 elementor-top-column elementor-element elementor-element-b9b56ad\" data-id=\"b9b56ad\" data-element_type=\"column\">\n\t\t\t<div class=\"elementor-widget-wrap elementor-element-populated\">\n\t\t\t\t\t\t<div class=\"elementor-element elementor-element-d9e24e5 lt-blog-item premium-blog-align-left elementor-widget elementor-widget-premium-addon-blog\" data-id=\"d9e24e5\" data-element_type=\"widget\" data-settings=\"{&quot;premium_blog_grid&quot;:&quot;yes&quot;,&quot;premium_blog_layout&quot;:&quot;even&quot;,&quot;premium_blog_columns_number&quot;:&quot;50%&quot;,&quot;premium_blog_columns_number_tablet&quot;:&quot;50%&quot;,&quot;premium_blog_columns_number_mobile&quot;:&quot;100%&quot;}\" data-widget_type=\"premium-addon-blog.default\">\n\t\t\t\t<div class=\"elementor-widget-container\">\n\t\t\t\n\t\t\t\t<div class=\"premium-blog-wrap  premium-blog-even\" data-page=\"2773\">\n\t\t\t\t\t<div class=\"premium-blog-post-outer-container\" data-total=\"1\">\n\t\t\t<div class=\"premium-blog-post-container premium-blog-skin-classic\">\n\t\t\t\t\t\t\t\t\t<div class=\"premium-blog-thumb-effect-wrapper\">\n\t\t\t\t\t\t<div class=\"premium-blog-thumbnail-container premium-blog-zoomin-effect\">\n\t\t\t\t\t\t\t<img fetchpriority=\"high\" decoding=\"async\" width=\"1024\" height=\"683\" src=\"https:\/\/psmtechnologie.net\/wp-content\/uploads\/2022\/11\/Blog-2.jpg\" class=\"attachment-full size-full wp-image-2723\" alt=\"\" srcset=\"https:\/\/psmtechnologie.net\/wp-content\/uploads\/2022\/11\/Blog-2.jpg 1024w, https:\/\/psmtechnologie.net\/wp-content\/uploads\/2022\/11\/Blog-2-500x333.jpg 500w, https:\/\/psmtechnologie.net\/wp-content\/uploads\/2022\/11\/Blog-2-768x512.jpg 768w, https:\/\/psmtechnologie.net\/wp-content\/uploads\/2022\/11\/Blog-2-600x400.jpg 600w\" sizes=\"(max-width: 709px) 85vw, (max-width: 909px) 67vw, (max-width: 1362px) 62vw, 840px\" \/>\t\t\t\t\t\t<\/div>\n\t\t\t\t\t\t\t\t\t\t\t\t\t<div class=\"premium-blog-thumbnail-overlay\">\n\t\t\t\t\t\t\t\t<a class=\"elementor-icon\" href=\"https:\/\/psmtechnologie.net\/en\/5-essential-digital-communication-tools-for-your-sme\/\" target=\"_blank\" aria-hidden=\"true\"><span><strong>5 essential digital communication tools for your SME<\/strong><\/span><\/a>\n\t\t\t\t\t\t\t<\/div>\n\n\t\t\t\t\t\t\t\t\t\t\t\t\t\t\t\t\t\t<\/div>\n\t\t\t\t\t\t\t\t\t\t\t\t<div class=\"premium-blog-content-wrapper \">\n\n\t\t\t\t\t<div class=\"premium-blog-inner-container\">\n\n\t\t\t\t\t\t\t\t\t\t\t\t\t\t<h2 class=\"premium-blog-entry-title\">\n\t\t\t<a href=\"https:\/\/psmtechnologie.net\/en\/5-essential-digital-communication-tools-for-your-sme\/\" target=\"_blank\">\n\t\t\t\t<strong>5 essential digital communication tools for your SME<\/strong>\t\t\t<\/a>\n\t\t<\/h2>\n\t\t\t\t<div class=\"premium-blog-entry-meta\">\n\t\t\t\t\t\t\t<div class=\"premium-blog-post-author premium-blog-meta-data\">\n\t\t\t\t\t<i class=\"fa fa-user fa-fw\" aria-hidden=\"true\"><\/i>\n\t\t\t\t\t<a href=\"https:\/\/psmtechnologie.net\/en\/author\/admin\/\" title=\"Posts by admin\" rel=\"author\">admin<\/a>\t\t\t\t<\/div>\n\t\t\t\n\t\t\t\t\t\t\t<span class=\"premium-blog-meta-separator\">\u2022<\/span>\n\t\t\t\t<div class=\"premium-blog-post-time premium-blog-meta-data\">\n\t\t\t\t\t<i class=\"fa fa-calendar-alt\" aria-hidden=\"true\"><\/i>\n\t\t\t\t\t<span>November 4, 2022<\/span>\n\t\t\t\t<\/div>\n\t\t\t\n\t\t\t\n\t\t\t\t\t\t\t<span class=\"premium-blog-meta-separator\">\u2022<\/span>\n\t\t\t\t<div class=\"premium-blog-post-comments premium-blog-meta-data\">\n\t\t\t\t\t<i class=\"fa fa-comments-o fa-fw\" aria-hidden=\"true\"><\/i>\n\t\t\t\t\t<a href=\"https:\/\/psmtechnologie.net\/en\/5-essential-digital-communication-tools-for-your-sme\/#respond\">No Comments<\/a>\t\t\t\t<\/div>\n\t\t\t\t\t<\/div>\n\t\t\n\t\t\t\t\t<\/div>\n\n\t\t\t\t\t\t\t<div class=\"premium-blog-content-inner-wrapper\">\n\t\t<p class=\"premium-blog-post-content\">As the covid-19 crisis has clearly demonstrated, digital communication tools have become essential for companies seeking to increase their visibility in very few ways.<\/p>\t\t<\/div>\n\t\t\t\t\t\t\t\n\t\t\t\t<\/div>\n\t\t\t<\/div>\n\t\t<\/div>\n\n\t\t\t\t<div class=\"premium-blog-post-outer-container\" data-total=\"1\">\n\t\t\t<div class=\"premium-blog-post-container premium-blog-skin-classic\">\n\t\t\t\t\t\t\t\t\t<div class=\"premium-blog-thumb-effect-wrapper\">\n\t\t\t\t\t\t<div class=\"premium-blog-thumbnail-container premium-blog-zoomin-effect\">\n\t\t\t\t\t\t\t<img decoding=\"async\" width=\"1024\" height=\"683\" src=\"https:\/\/psmtechnologie.net\/wp-content\/uploads\/2022\/11\/Blog-1.jpg\" class=\"attachment-full size-full wp-image-2724\" alt=\"\" srcset=\"https:\/\/psmtechnologie.net\/wp-content\/uploads\/2022\/11\/Blog-1.jpg 1024w, https:\/\/psmtechnologie.net\/wp-content\/uploads\/2022\/11\/Blog-1-500x333.jpg 500w, https:\/\/psmtechnologie.net\/wp-content\/uploads\/2022\/11\/Blog-1-768x512.jpg 768w, https:\/\/psmtechnologie.net\/wp-content\/uploads\/2022\/11\/Blog-1-600x400.jpg 600w\" sizes=\"(max-width: 709px) 85vw, (max-width: 909px) 67vw, (max-width: 1362px) 62vw, 840px\" \/>\t\t\t\t\t\t<\/div>\n\t\t\t\t\t\t\t\t\t\t\t\t\t<div class=\"premium-blog-thumbnail-overlay\">\n\t\t\t\t\t\t\t\t<a class=\"elementor-icon\" href=\"https:\/\/psmtechnologie.net\/en\/5-tips-for-optimizing-your-it-equipment\/\" target=\"_blank\" aria-hidden=\"true\"><span><strong>5 tips for optimizing your IT equipment<\/strong><\/span><\/a>\n\t\t\t\t\t\t\t<\/div>\n\n\t\t\t\t\t\t\t\t\t\t\t\t\t\t\t\t\t\t<\/div>\n\t\t\t\t\t\t\t\t\t\t\t\t<div class=\"premium-blog-content-wrapper \">\n\n\t\t\t\t\t<div class=\"premium-blog-inner-container\">\n\n\t\t\t\t\t\t\t\t\t\t\t\t\t\t<h2 class=\"premium-blog-entry-title\">\n\t\t\t<a href=\"https:\/\/psmtechnologie.net\/en\/5-tips-for-optimizing-your-it-equipment\/\" target=\"_blank\">\n\t\t\t\t<strong>5 tips for optimizing your IT equipment<\/strong>\t\t\t<\/a>\n\t\t<\/h2>\n\t\t\t\t<div class=\"premium-blog-entry-meta\">\n\t\t\t\t\t\t\t<div class=\"premium-blog-post-author premium-blog-meta-data\">\n\t\t\t\t\t<i class=\"fa fa-user fa-fw\" aria-hidden=\"true\"><\/i>\n\t\t\t\t\t<a href=\"https:\/\/psmtechnologie.net\/en\/author\/admin\/\" title=\"Posts by admin\" rel=\"author\">admin<\/a>\t\t\t\t<\/div>\n\t\t\t\n\t\t\t\t\t\t\t<span class=\"premium-blog-meta-separator\">\u2022<\/span>\n\t\t\t\t<div class=\"premium-blog-post-time premium-blog-meta-data\">\n\t\t\t\t\t<i class=\"fa fa-calendar-alt\" aria-hidden=\"true\"><\/i>\n\t\t\t\t\t<span>November 4, 2022<\/span>\n\t\t\t\t<\/div>\n\t\t\t\n\t\t\t\n\t\t\t\t\t\t\t<span class=\"premium-blog-meta-separator\">\u2022<\/span>\n\t\t\t\t<div class=\"premium-blog-post-comments premium-blog-meta-data\">\n\t\t\t\t\t<i class=\"fa fa-comments-o fa-fw\" aria-hidden=\"true\"><\/i>\n\t\t\t\t\t<a href=\"https:\/\/psmtechnologie.net\/en\/5-tips-for-optimizing-your-it-equipment\/#respond\">No Comments<\/a>\t\t\t\t<\/div>\n\t\t\t\t\t<\/div>\n\t\t\n\t\t\t\t\t<\/div>\n\n\t\t\t\t\t\t\t<div class=\"premium-blog-content-inner-wrapper\">\n\t\t<p class=\"premium-blog-post-content\">Your company&#8217;s IT infrastructure is made up of various components and devices which together form a complex infrastructure. The management of your IT assets and systems must take into account \u2026<\/p>\t\t<\/div>\n\t\t\t\t\t\t\t\n\t\t\t\t<\/div>\n\t\t\t<\/div>\n\t\t<\/div>\n\n\t\t\t\t<\/div>\n\n\t\t\t\t<\/div>\n\t\t\t\t<\/div>\n\t\t\t\t\t<\/div>\n\t\t<\/div>\n\t\t\t\t\t<\/div>\n\t\t<\/section>\n\t\t\t\t<\/div>\n\t\t","protected":false},"excerpt":{"rendered":"<p>Blog &amp; News 5 outils de communication digitale indispensables pour votre PME 5 outils de communication digitale indispensables pour votre PME admin \u2022 novembre 4, 2022 \u2022 Pas de commentaires La crise du covid-19 l&rsquo;a bien d\u00e9montr\u00e9, et les outils de communication digitale sont devenus des outils incontournables pour les entreprises qui cherchent \u00e0 augmenter &hellip; <a href=\"https:\/\/psmtechnologie.net\/en\/5-tips-for-optimizing-your-it-equipment\/\" class=\"more-link\">Continue reading<span class=\"screen-reader-text\"> &#8220;<strong>5 tips for optimizing your IT equipment<\/strong>&#8220;<\/span><\/a><\/p>\n","protected":false},"author":1,"featured_media":0,"parent":0,"menu_order":0,"comment_status":"closed","ping_status":"closed","template":"elementor_header_footer","meta":{"footnotes":""},"class_list":["post-2773","page","type-page","status-publish","hentry"],"_links":{"self":[{"href":"https:\/\/psmtechnologie.net\/en\/wp-json\/wp\/v2\/pages\/2773","targetHints":{"allow":["GET"]}}],"collection":[{"href":"https:\/\/psmtechnologie.net\/en\/wp-json\/wp\/v2\/pages"}],"about":[{"href":"https:\/\/psmtechnologie.net\/en\/wp-json\/wp\/v2\/types\/page"}],"author":[{"embeddable":true,"href":"https:\/\/psmtechnologie.net\/en\/wp-json\/wp\/v2\/users\/1"}],"replies":[{"embeddable":true,"href":"https:\/\/psmtechnologie.net\/en\/wp-json\/wp\/v2\/comments?post=2773"}],"version-history":[{"count":3,"href":"https:\/\/psmtechnologie.net\/en\/wp-json\/wp\/v2\/pages\/2773\/revisions"}],"predecessor-version":[{"id":2810,"href":"https:\/\/psmtechnologie.net\/en\/wp-json\/wp\/v2\/pages\/2773\/revisions\/2810"}],"wp:attachment":[{"href":"https:\/\/psmtechnologie.net\/en\/wp-json\/wp\/v2\/media?parent=2773"}],"curies":[{"name":"wp","href":"https:\/\/api.w.org\/{rel}","templated":true}]}}